{"id":449,"date":"2018-11-27T09:17:08","date_gmt":"2018-11-27T09:17:08","guid":{"rendered":"https:\/\/www.hosteriacatalina.cl\/index.php\/about\/"},"modified":"2024-09-28T03:29:53","modified_gmt":"2024-09-28T03:29:53","slug":"quienes-somos","status":"publish","type":"page","link":"https:\/\/www.hosteriacatalina.cl\/index.php\/quienes-somos\/","title":{"rendered":"Quienes Somos"},"content":{"rendered":"\t\t<div data-elementor-type=\"wp-post\" data-elementor-id=\"449\" class=\"elementor elementor-449\">\n\t\t\t\t\t\t<section class=\"elementor-section elementor-top-section elementor-element elementor-element-d7d8b56 elementor-section-boxed elementor-section-height-default elementor-section-height-default\" data-id=\"d7d8b56\" data-element_type=\"section\" data-settings=\"{&quot;background_background&quot;:&quot;classic&quot;}\">\n\t\t\t\t\t\t\t<div class=\"elementor-background-overlay\"><\/div>\n\t\t\t\t\t\t\t<div class=\"elementor-container elementor-column-gap-default\">\n\t\t\t\t\t<div class=\"elementor-column elementor-col-33 elementor-top-column elementor-element elementor-element-b3d335b\" data-id=\"b3d335b\" data-element_type=\"column\">\n\t\t\t<div class=\"elementor-widget-wrap\">\n\t\t\t\t\t\t\t<\/div>\n\t\t<\/div>\n\t\t\t\t<div class=\"elementor-column elementor-col-33 elementor-top-column elementor-element elementor-element-fd69444\" data-id=\"fd69444\" data-element_type=\"column\">\n\t\t\t<div class=\"elementor-widget-wrap elementor-element-populated\">\n\t\t\t\t\t\t<div class=\"elementor-element elementor-element-abcc2f2 elementor-widget elementor-widget-heading\" data-id=\"abcc2f2\" data-element_type=\"widget\" data-widget_type=\"heading.default\">\n\t\t\t\t<div class=\"elementor-widget-container\">\n\t\t\t\t\t<h1 class=\"elementor-heading-title elementor-size-default\">Quienes Somos <\/h1>\t\t\t\t<\/div>\n\t\t\t\t<\/div>\n\t\t\t\t\t<\/div>\n\t\t<\/div>\n\t\t\t\t<div class=\"elementor-column elementor-col-33 elementor-top-column elementor-element elementor-element-674669b\" data-id=\"674669b\" data-element_type=\"column\">\n\t\t\t<div class=\"elementor-widget-wrap\">\n\t\t\t\t\t\t\t<\/div>\n\t\t<\/div>\n\t\t\t\t\t<\/div>\n\t\t<\/section>\n\t\t\t\t<section class=\"elementor-section elementor-top-section elementor-element elementor-element-5c40d7b elementor-section-boxed elementor-section-height-default elementor-section-height-default\" data-id=\"5c40d7b\" data-element_type=\"section\">\n\t\t\t\t\t\t<div class=\"elementor-container elementor-column-gap-default\">\n\t\t\t\t\t<div class=\"elementor-column elementor-col-50 elementor-top-column elementor-element elementor-element-2ebbf9c\" data-id=\"2ebbf9c\" data-element_type=\"column\">\n\t\t\t<div class=\"elementor-widget-wrap elementor-element-populated\">\n\t\t\t\t\t\t<div class=\"elementor-element elementor-element-fe195c7 elementor-widget elementor-widget-heading\" data-id=\"fe195c7\" data-element_type=\"widget\" data-widget_type=\"heading.default\">\n\t\t\t\t<div class=\"elementor-widget-container\">\n\t\t\t\t\t<h2 class=\"elementor-heading-title elementor-size-default\">Hoster\u00eda Catalina SM<\/h2>\t\t\t\t<\/div>\n\t\t\t\t<\/div>\n\t\t\t\t<div class=\"elementor-element elementor-element-dc051dd elementor-widget-divider--view-line elementor-widget elementor-widget-divider\" data-id=\"dc051dd\" data-element_type=\"widget\" data-widget_type=\"divider.default\">\n\t\t\t\t<div class=\"elementor-widget-container\">\n\t\t\t\t\t\t\t<div class=\"elementor-divider\">\n\t\t\t<span class=\"elementor-divider-separator\">\n\t\t\t\t\t\t<\/span>\n\t\t<\/div>\n\t\t\t\t\t\t<\/div>\n\t\t\t\t<\/div>\n\t\t\t\t<div class=\"elementor-element elementor-element-e5f497e elementor-widget elementor-widget-text-editor\" data-id=\"e5f497e\" data-element_type=\"widget\" data-widget_type=\"text-editor.default\">\n\t\t\t\t<div class=\"elementor-widget-container\">\n\t\t\t\t\t\t\t\t\t<p><span style=\"color: #585858; font-family: Arial, Helvetica, sans-serif; font-size: 12px; font-style: normal; font-weight: 400;\">Ubicado a la entrada de hornopiren a un costado de la carretera austral, podr\u00e1 disfrutar su estad\u00eda en Hoster\u00eda Catalina sm, en un acogedor ambiente familiar, cenando al calor de nuestra chimenea, para que luego obtenga un reparador descanso en c\u00f3modas habitaciones y\/o\u00a0 caba\u00f1as. Con m\u00e1s de Quince\u00a0 a\u00f1os de experiencia esta hoster\u00eda les entrega un servicio de primera calidad a los turistas que lo visitan. Su bella arquitectura y su entorno privilegiado hacen de su estad\u00eda una experiencia inolvidable.<\/span><\/p>\t\t\t\t\t\t\t\t<\/div>\n\t\t\t\t<\/div>\n\t\t\t\t<div class=\"elementor-element elementor-element-47d7866 elementor-align-center elementor-widget elementor-widget-button\" data-id=\"47d7866\" data-element_type=\"widget\" data-widget_type=\"button.default\">\n\t\t\t\t<div class=\"elementor-widget-container\">\n\t\t\t\t\t\t\t\t\t<div class=\"elementor-button-wrapper\">\n\t\t\t\t\t<a class=\"elementor-button elementor-button-link elementor-size-sm\" href=\"https:\/\/reservation.gofeels.com\/es\/reservation?token=f6e790cd-54d6-4a19-8a6c-2f2c094906da&#038;habitaciones\">\n\t\t\t\t\t\t<span class=\"elementor-button-content-wrapper\">\n\t\t\t\t\t\t\t\t\t<span class=\"elementor-button-text\">Reservar<\/span>\n\t\t\t\t\t<\/span>\n\t\t\t\t\t<\/a>\n\t\t\t\t<\/div>\n\t\t\t\t\t\t\t\t<\/div>\n\t\t\t\t<\/div>\n\t\t\t\t\t<\/div>\n\t\t<\/div>\n\t\t\t\t<div class=\"elementor-column elementor-col-50 elementor-top-column elementor-element elementor-element-e5fdae0\" data-id=\"e5fdae0\" data-element_type=\"column\">\n\t\t\t<div class=\"elementor-widget-wrap elementor-element-populated\">\n\t\t\t\t\t\t<div class=\"elementor-element elementor-element-49a4168 elementor-arrows-position-inside elementor-widget elementor-widget-image-carousel\" data-id=\"49a4168\" data-element_type=\"widget\" data-settings=\"{&quot;slides_to_show&quot;:&quot;1&quot;,&quot;navigation&quot;:&quot;arrows&quot;,&quot;autoplay&quot;:&quot;yes&quot;,&quot;pause_on_hover&quot;:&quot;yes&quot;,&quot;pause_on_interaction&quot;:&quot;yes&quot;,&quot;autoplay_speed&quot;:5000,&quot;infinite&quot;:&quot;yes&quot;,&quot;effect&quot;:&quot;slide&quot;,&quot;speed&quot;:500}\" data-widget_type=\"image-carousel.default\">\n\t\t\t\t<div class=\"elementor-widget-container\">\n\t\t\t\t\t\t\t<div class=\"elementor-image-carousel-wrapper swiper\" role=\"region\" aria-roledescription=\"carousel\" aria-label=\"Carrusel de im\u00e1genes\" dir=\"ltr\">\n\t\t\t<div class=\"elementor-image-carousel swiper-wrapper\" aria-live=\"off\">\n\t\t\t\t\t\t\t\t<div class=\"swiper-slide\" role=\"group\" aria-roledescription=\"slide\" aria-label=\"1 de 6\"><figure class=\"swiper-slide-inner\"><img decoding=\"async\" class=\"swiper-slide-image\" src=\"https:\/\/www.hosteriacatalina.cl\/wp-content\/uploads\/2024\/09\/DSC7236.jpg\" alt=\"_DSC7236\" \/><\/figure><\/div><div class=\"swiper-slide\" role=\"group\" aria-roledescription=\"slide\" aria-label=\"2 de 6\"><figure class=\"swiper-slide-inner\"><img decoding=\"async\" class=\"swiper-slide-image\" src=\"https:\/\/www.hosteriacatalina.cl\/wp-content\/uploads\/2024\/09\/DSC7137.jpg\" alt=\"_DSC7137\" \/><\/figure><\/div><div class=\"swiper-slide\" role=\"group\" aria-roledescription=\"slide\" aria-label=\"3 de 6\"><figure class=\"swiper-slide-inner\"><img decoding=\"async\" class=\"swiper-slide-image\" src=\"https:\/\/www.hosteriacatalina.cl\/wp-content\/uploads\/2024\/09\/DSC7231.jpg\" alt=\"_DSC7231\" \/><\/figure><\/div><div class=\"swiper-slide\" role=\"group\" aria-roledescription=\"slide\" aria-label=\"4 de 6\"><figure class=\"swiper-slide-inner\"><img decoding=\"async\" class=\"swiper-slide-image\" src=\"https:\/\/www.hosteriacatalina.cl\/wp-content\/uploads\/2024\/09\/DSC7227.jpg\" alt=\"_DSC7227\" \/><\/figure><\/div><div class=\"swiper-slide\" role=\"group\" aria-roledescription=\"slide\" aria-label=\"5 de 6\"><figure class=\"swiper-slide-inner\"><img decoding=\"async\" class=\"swiper-slide-image\" src=\"https:\/\/www.hosteriacatalina.cl\/wp-content\/uploads\/2024\/09\/DSC7215.jpg\" alt=\"_DSC7215\" \/><\/figure><\/div><div class=\"swiper-slide\" role=\"group\" aria-roledescription=\"slide\" aria-label=\"6 de 6\"><figure class=\"swiper-slide-inner\"><img decoding=\"async\" class=\"swiper-slide-image\" src=\"https:\/\/www.hosteriacatalina.cl\/wp-content\/uploads\/2024\/09\/DSC7233.jpg\" alt=\"_DSC7233\" \/><\/figure><\/div>\t\t\t<\/div>\n\t\t\t\t\t\t\t\t\t\t\t\t<div class=\"elementor-swiper-button elementor-swiper-button-prev\" role=\"button\" tabindex=\"0\">\n\t\t\t\t\t\t<i aria-hidden=\"true\" class=\"eicon-chevron-left\"><\/i>\t\t\t\t\t<\/div>\n\t\t\t\t\t<div class=\"elementor-swiper-button elementor-swiper-button-next\" role=\"button\" tabindex=\"0\">\n\t\t\t\t\t\t<i aria-hidden=\"true\" class=\"eicon-chevron-right\"><\/i>\t\t\t\t\t<\/div>\n\t\t\t\t\n\t\t\t\t\t\t\t\t\t<\/div>\n\t\t\t\t\t\t<\/div>\n\t\t\t\t<\/div>\n\t\t\t\t\t<\/div>\n\t\t<\/div>\n\t\t\t\t\t<\/div>\n\t\t<\/section>\n\t\t\t\t<section class=\"elementor-section elementor-top-section elementor-element elementor-element-e90a943 elementor-section-boxed elementor-section-height-default elementor-section-height-default\" data-id=\"e90a943\" data-element_type=\"section\">\n\t\t\t\t\t\t<div class=\"elementor-container elementor-column-gap-default\">\n\t\t\t\t\t<div class=\"elementor-column elementor-col-50 elementor-top-column elementor-element elementor-element-2126f92\" data-id=\"2126f92\" data-element_type=\"column\">\n\t\t\t<div class=\"elementor-widget-wrap elementor-element-populated\">\n\t\t\t\t\t\t<div class=\"elementor-element elementor-element-43a347a elementor-widget elementor-widget-heading\" data-id=\"43a347a\" data-element_type=\"widget\" data-widget_type=\"heading.default\">\n\t\t\t\t<div class=\"elementor-widget-container\">\n\t\t\t\t\t<h4 class=\"elementor-heading-title elementor-size-default\">Nuestro Complejo<\/h4>\t\t\t\t<\/div>\n\t\t\t\t<\/div>\n\t\t\t\t<div class=\"elementor-element elementor-element-7818b1a elementor-widget-divider--view-line elementor-widget elementor-widget-divider\" data-id=\"7818b1a\" data-element_type=\"widget\" data-widget_type=\"divider.default\">\n\t\t\t\t<div class=\"elementor-widget-container\">\n\t\t\t\t\t\t\t<div class=\"elementor-divider\">\n\t\t\t<span class=\"elementor-divider-separator\">\n\t\t\t\t\t\t<\/span>\n\t\t<\/div>\n\t\t\t\t\t\t<\/div>\n\t\t\t\t<\/div>\n\t\t\t\t<div class=\"elementor-element elementor-element-d8f9f49 elementor-widget elementor-widget-text-editor\" data-id=\"d8f9f49\" data-element_type=\"widget\" data-widget_type=\"text-editor.default\">\n\t\t\t\t<div class=\"elementor-widget-container\">\n\t\t\t\t\t\t\t\t\t<p>Cuenta con 6\u00a0 \u00a0habitaciones, de las cuales 5 Dobles y 1 triple todas con ba\u00f1o privado, adem\u00e1s de 2 caba\u00f1as\u00a0 para 6 personas c\/u. Los hu\u00e9sped puede disfrutar de la exquisita gastronom\u00eda de su restaurant donde podr\u00e1 deleitarse con platos t\u00edpicos de la zona. Adem\u00e1s el visitante podr\u00e1 solicitar la sugerencia de actividades que se realizan y que nosotros recomendamos. Entre las numerosas expediciones que ofrece la nuestro destino como cabalgatas y Treckking, Bicicletas, viajes Mar\u00edtimos, y muchas excursiones mas por los atractivos naturales de la zona o simplemente quedarse un d\u00eda descansando junto a las amplias habitaciones y\/o caba\u00f1as.<\/p>\t\t\t\t\t\t\t\t<\/div>\n\t\t\t\t<\/div>\n\t\t\t\t\t<\/div>\n\t\t<\/div>\n\t\t\t\t<div class=\"elementor-column elementor-col-50 elementor-top-column elementor-element elementor-element-e03a328\" data-id=\"e03a328\" data-element_type=\"column\">\n\t\t\t<div class=\"elementor-widget-wrap elementor-element-populated\">\n\t\t\t\t\t\t<div class=\"elementor-element elementor-element-903c186 elementor-widget elementor-widget-heading\" data-id=\"903c186\" data-element_type=\"widget\" data-widget_type=\"heading.default\">\n\t\t\t\t<div class=\"elementor-widget-container\">\n\t\t\t\t\t<h4 class=\"elementor-heading-title elementor-size-default\">Hornopir\u00e9n<\/h4>\t\t\t\t<\/div>\n\t\t\t\t<\/div>\n\t\t\t\t<div class=\"elementor-element elementor-element-23d597c elementor-widget-divider--view-line elementor-widget elementor-widget-divider\" data-id=\"23d597c\" data-element_type=\"widget\" data-widget_type=\"divider.default\">\n\t\t\t\t<div class=\"elementor-widget-container\">\n\t\t\t\t\t\t\t<div class=\"elementor-divider\">\n\t\t\t<span class=\"elementor-divider-separator\">\n\t\t\t\t\t\t<\/span>\n\t\t<\/div>\n\t\t\t\t\t\t<\/div>\n\t\t\t\t<\/div>\n\t\t\t\t<div class=\"elementor-element elementor-element-6d1a71e elementor-widget elementor-widget-text-editor\" data-id=\"6d1a71e\" data-element_type=\"widget\" data-widget_type=\"text-editor.default\">\n\t\t\t\t<div class=\"elementor-widget-container\">\n\t\t\t\t\t\t\t\t\t<p>Es una ciudad\u00a0 de casi 4.500 habitantes, capital de la comuna, ubicado al pi\u00e9 del volc\u00e1n Hornopir\u00e9n de 1.572 m. de altura.<br \/>Hornopir\u00e9n,\u00a0 se sit\u00faa a 109 kil\u00f3metros de Puerto Montt. El trayecto hacia all\u00e1 va sinuoso a trav\u00e9s de la Carretera Austral, mostr\u00e1ndonos hermosos paisajes y poblados ribere\u00f1os. ,\u00a0 a 45 km, hay un cruce de aproximadamente 30 minutos en transbordador (desde La Arena a Puelche) en el estuario de Reloncav\u00ed.<br \/>Hornopir\u00e9n tiene los servicios de estaci\u00f3n de combustible,\u00a0 Suc. banco Estado, (cambio de moneda Extranjera),\u00a0 restaurantes, camping e informaci\u00f3n tur\u00edstica en el centro del visitante, un Servicio de Salud (Cesfam),\u00a0 tambi\u00e9n\u00a0 colindante al Parque Nacional Hornopir\u00e9n y al Parque Nacional Douglas Tomking (Ex parque Pumalin), cabecera norte, hacia el Sur. donde hay otro cruce mar\u00edtimo de aproximadamente 5 horas hacia Chait\u00e9n, Provincia de Palena.\u00a0<\/p>\t\t\t\t\t\t\t\t<\/div>\n\t\t\t\t<\/div>\n\t\t\t\t\t<\/div>\n\t\t<\/div>\n\t\t\t\t\t<\/div>\n\t\t<\/section>\n\t\t\t\t<\/div>\n\t\t","protected":false},"excerpt":{"rendered":"<p>Quienes Somos Hoster\u00eda Catalina SM Ubicado a la entrada de hornopiren a un costado de la carretera austral, podr\u00e1 disfrutar su estad\u00eda en Hoster\u00eda Catalina sm, en un acogedor ambiente familiar, cenando al calor de nuestra chimenea, para que luego obtenga un reparador descanso en c\u00f3modas habitaciones y\/o\u00a0 caba\u00f1as. Con m\u00e1s de Quince\u00a0 a\u00f1os de [&hellip;]<\/p>\n","protected":false},"author":1,"featured_media":0,"parent":0,"menu_order":0,"comment_status":"closed","ping_status":"closed","template":"","meta":{"site-sidebar-layout":"no-sidebar","site-content-layout":"page-builder","ast-site-content-layout":"default","site-content-style":"default","site-sidebar-style":"default","ast-global-header-display":"","ast-banner-title-visibility":"","ast-main-header-display":"","ast-hfb-above-header-display":"","ast-hfb-below-header-display":"","ast-hfb-mobile-header-display":"","site-post-title":"disabled","ast-breadcrumbs-content":"","ast-featured-img":"disabled","footer-sml-layout":"","theme-transparent-header-meta":"enabled","adv-header-id-meta":"","stick-header-meta":"","header-above-stick-meta":"","header-main-stick-meta":"","header-below-stick-meta":"","astra-migrate-meta-layouts":"default","ast-page-background-enabled":"default","ast-page-background-meta":{"desktop":{"background-color":"","background-image":"","background-repeat":"repeat","background-position":"center center","background-size":"auto","background-attachment":"scroll","background-type":"","background-media":"","overlay-type":"","overlay-color":"","overlay-opacity":"","overlay-gradient":""},"tablet":{"background-color":"","background-image":"","background-repeat":"repeat","background-position":"center center","background-size":"auto","background-attachment":"scroll","background-type":"","background-media":"","overlay-type":"","overlay-color":"","overlay-opacity":"","overlay-gradient":""},"mobile":{"background-color":"","background-image":"","background-repeat":"repeat","background-position":"center center","background-size":"auto","background-attachment":"scroll","background-type":"","background-media":"","overlay-type":"","overlay-color":"","overlay-opacity":"","overlay-gradient":""}},"ast-content-background-meta":{"desktop":{"background-color":"var(--ast-global-color-5)","background-image":"","background-repeat":"repeat","background-position":"center center","background-size":"auto","background-attachment":"scroll","background-type":"","background-media":"","overlay-type":"","overlay-color":"","overlay-opacity":"","overlay-gradient":""},"tablet":{"background-color":"var(--ast-global-color-5)","background-image":"","background-repeat":"repeat","background-position":"center center","background-size":"auto","background-attachment":"scroll","background-type":"","background-media":"","overlay-type":"","overlay-color":"","overlay-opacity":"","overlay-gradient":""},"mobile":{"background-color":"var(--ast-global-color-5)","background-image":"","background-repeat":"repeat","background-position":"center center","background-size":"auto","background-attachment":"scroll","background-type":"","background-media":"","overlay-type":"","overlay-color":"","overlay-opacity":"","overlay-gradient":""}},"footnotes":""},"class_list":["post-449","page","type-page","status-publish","hentry"],"yoast_head":"<!-- This site is optimized with the Yoast SEO plugin v25.3.1 - https:\/\/yoast.com\/wordpress\/plugins\/seo\/ -->\n<title>Quienes Somos - Hoster\u00eda Catalina<\/title>\n<meta name=\"robots\" content=\"index, follow, max-snippet:-1, max-image-preview:large, max-video-preview:-1\" \/>\n<link rel=\"canonical\" href=\"https:\/\/www.hosteriacatalina.cl\/index.php\/quienes-somos\/\" \/>\n<meta property=\"og:locale\" content=\"es_ES\" \/>\n<meta property=\"og:type\" content=\"article\" \/>\n<meta property=\"og:title\" content=\"Quienes Somos - Hoster\u00eda Catalina\" \/>\n<meta property=\"og:description\" content=\"Quienes Somos Hoster\u00eda Catalina SM Ubicado a la entrada de hornopiren a un costado de la carretera austral, podr\u00e1 disfrutar su estad\u00eda en Hoster\u00eda Catalina sm, en un acogedor ambiente familiar, cenando al calor de nuestra chimenea, para que luego obtenga un reparador descanso en c\u00f3modas habitaciones y\/o\u00a0 caba\u00f1as. Con m\u00e1s de Quince\u00a0 a\u00f1os de [&hellip;]\" \/>\n<meta property=\"og:url\" content=\"https:\/\/www.hosteriacatalina.cl\/index.php\/quienes-somos\/\" \/>\n<meta property=\"og:site_name\" content=\"Hoster\u00eda Catalina\" \/>\n<meta property=\"article:modified_time\" content=\"2024-09-28T03:29:53+00:00\" \/>\n<meta property=\"og:image\" content=\"https:\/\/www.hosteriacatalina.cl\/wp-content\/uploads\/2024\/09\/DSC7236.jpg\" \/>\n<meta name=\"twitter:card\" content=\"summary_large_image\" \/>\n<meta name=\"twitter:label1\" content=\"Tiempo de lectura\" \/>\n\t<meta name=\"twitter:data1\" content=\"4 minutos\" \/>\n<script type=\"application\/ld+json\" class=\"yoast-schema-graph\">{\"@context\":\"https:\/\/schema.org\",\"@graph\":[{\"@type\":\"WebPage\",\"@id\":\"https:\/\/www.hosteriacatalina.cl\/index.php\/quienes-somos\/\",\"url\":\"https:\/\/www.hosteriacatalina.cl\/index.php\/quienes-somos\/\",\"name\":\"Quienes Somos - Hoster\u00eda Catalina\",\"isPartOf\":{\"@id\":\"https:\/\/www.hosteriacatalina.cl\/#website\"},\"primaryImageOfPage\":{\"@id\":\"https:\/\/www.hosteriacatalina.cl\/index.php\/quienes-somos\/#primaryimage\"},\"image\":{\"@id\":\"https:\/\/www.hosteriacatalina.cl\/index.php\/quienes-somos\/#primaryimage\"},\"thumbnailUrl\":\"https:\/\/www.hosteriacatalina.cl\/wp-content\/uploads\/2024\/09\/DSC7236.jpg\",\"datePublished\":\"2018-11-27T09:17:08+00:00\",\"dateModified\":\"2024-09-28T03:29:53+00:00\",\"breadcrumb\":{\"@id\":\"https:\/\/www.hosteriacatalina.cl\/index.php\/quienes-somos\/#breadcrumb\"},\"inLanguage\":\"es\",\"potentialAction\":[{\"@type\":\"ReadAction\",\"target\":[\"https:\/\/www.hosteriacatalina.cl\/index.php\/quienes-somos\/\"]}]},{\"@type\":\"ImageObject\",\"inLanguage\":\"es\",\"@id\":\"https:\/\/www.hosteriacatalina.cl\/index.php\/quienes-somos\/#primaryimage\",\"url\":\"https:\/\/www.hosteriacatalina.cl\/wp-content\/uploads\/2024\/09\/DSC7236.jpg\",\"contentUrl\":\"https:\/\/www.hosteriacatalina.cl\/wp-content\/uploads\/2024\/09\/DSC7236.jpg\",\"width\":900,\"height\":600},{\"@type\":\"BreadcrumbList\",\"@id\":\"https:\/\/www.hosteriacatalina.cl\/index.php\/quienes-somos\/#breadcrumb\",\"itemListElement\":[{\"@type\":\"ListItem\",\"position\":1,\"name\":\"Portada\",\"item\":\"https:\/\/www.hosteriacatalina.cl\/\"},{\"@type\":\"ListItem\",\"position\":2,\"name\":\"Quienes Somos\"}]},{\"@type\":\"WebSite\",\"@id\":\"https:\/\/www.hosteriacatalina.cl\/#website\",\"url\":\"https:\/\/www.hosteriacatalina.cl\/\",\"name\":\"Hoster\u00eda Catalina\",\"description\":\"Acogedor Ambiente Familiar\",\"publisher\":{\"@id\":\"https:\/\/www.hosteriacatalina.cl\/#organization\"},\"potentialAction\":[{\"@type\":\"SearchAction\",\"target\":{\"@type\":\"EntryPoint\",\"urlTemplate\":\"https:\/\/www.hosteriacatalina.cl\/?s={search_term_string}\"},\"query-input\":{\"@type\":\"PropertyValueSpecification\",\"valueRequired\":true,\"valueName\":\"search_term_string\"}}],\"inLanguage\":\"es\"},{\"@type\":\"Organization\",\"@id\":\"https:\/\/www.hosteriacatalina.cl\/#organization\",\"name\":\"Hoster\u00eda Catalina\",\"url\":\"https:\/\/www.hosteriacatalina.cl\/\",\"logo\":{\"@type\":\"ImageObject\",\"inLanguage\":\"es\",\"@id\":\"https:\/\/www.hosteriacatalina.cl\/#\/schema\/logo\/image\/\",\"url\":\"https:\/\/www.hosteriacatalina.cl\/wp-content\/uploads\/2020\/09\/cropped-180x60sf.png\",\"contentUrl\":\"https:\/\/www.hosteriacatalina.cl\/wp-content\/uploads\/2020\/09\/cropped-180x60sf.png\",\"width\":180,\"height\":60,\"caption\":\"Hoster\u00eda Catalina\"},\"image\":{\"@id\":\"https:\/\/www.hosteriacatalina.cl\/#\/schema\/logo\/image\/\"}}]}<\/script>\n<!-- \/ Yoast SEO plugin. -->","yoast_head_json":{"title":"Quienes Somos - Hoster\u00eda Catalina","robots":{"index":"index","follow":"follow","max-snippet":"max-snippet:-1","max-image-preview":"max-image-preview:large","max-video-preview":"max-video-preview:-1"},"canonical":"https:\/\/www.hosteriacatalina.cl\/index.php\/quienes-somos\/","og_locale":"es_ES","og_type":"article","og_title":"Quienes Somos - Hoster\u00eda Catalina","og_description":"Quienes Somos Hoster\u00eda Catalina SM Ubicado a la entrada de hornopiren a un costado de la carretera austral, podr\u00e1 disfrutar su estad\u00eda en Hoster\u00eda Catalina sm, en un acogedor ambiente familiar, cenando al calor de nuestra chimenea, para que luego obtenga un reparador descanso en c\u00f3modas habitaciones y\/o\u00a0 caba\u00f1as. Con m\u00e1s de Quince\u00a0 a\u00f1os de [&hellip;]","og_url":"https:\/\/www.hosteriacatalina.cl\/index.php\/quienes-somos\/","og_site_name":"Hoster\u00eda Catalina","article_modified_time":"2024-09-28T03:29:53+00:00","og_image":[{"url":"https:\/\/www.hosteriacatalina.cl\/wp-content\/uploads\/2024\/09\/DSC7236.jpg","type":"","width":"","height":""}],"twitter_card":"summary_large_image","twitter_misc":{"Tiempo de lectura":"4 minutos"},"schema":{"@context":"https:\/\/schema.org","@graph":[{"@type":"WebPage","@id":"https:\/\/www.hosteriacatalina.cl\/index.php\/quienes-somos\/","url":"https:\/\/www.hosteriacatalina.cl\/index.php\/quienes-somos\/","name":"Quienes Somos - Hoster\u00eda Catalina","isPartOf":{"@id":"https:\/\/www.hosteriacatalina.cl\/#website"},"primaryImageOfPage":{"@id":"https:\/\/www.hosteriacatalina.cl\/index.php\/quienes-somos\/#primaryimage"},"image":{"@id":"https:\/\/www.hosteriacatalina.cl\/index.php\/quienes-somos\/#primaryimage"},"thumbnailUrl":"https:\/\/www.hosteriacatalina.cl\/wp-content\/uploads\/2024\/09\/DSC7236.jpg","datePublished":"2018-11-27T09:17:08+00:00","dateModified":"2024-09-28T03:29:53+00:00","breadcrumb":{"@id":"https:\/\/www.hosteriacatalina.cl\/index.php\/quienes-somos\/#breadcrumb"},"inLanguage":"es","potentialAction":[{"@type":"ReadAction","target":["https:\/\/www.hosteriacatalina.cl\/index.php\/quienes-somos\/"]}]},{"@type":"ImageObject","inLanguage":"es","@id":"https:\/\/www.hosteriacatalina.cl\/index.php\/quienes-somos\/#primaryimage","url":"https:\/\/www.hosteriacatalina.cl\/wp-content\/uploads\/2024\/09\/DSC7236.jpg","contentUrl":"https:\/\/www.hosteriacatalina.cl\/wp-content\/uploads\/2024\/09\/DSC7236.jpg","width":900,"height":600},{"@type":"BreadcrumbList","@id":"https:\/\/www.hosteriacatalina.cl\/index.php\/quienes-somos\/#breadcrumb","itemListElement":[{"@type":"ListItem","position":1,"name":"Portada","item":"https:\/\/www.hosteriacatalina.cl\/"},{"@type":"ListItem","position":2,"name":"Quienes Somos"}]},{"@type":"WebSite","@id":"https:\/\/www.hosteriacatalina.cl\/#website","url":"https:\/\/www.hosteriacatalina.cl\/","name":"Hoster\u00eda Catalina","description":"Acogedor Ambiente Familiar","publisher":{"@id":"https:\/\/www.hosteriacatalina.cl\/#organization"},"potentialAction":[{"@type":"SearchAction","target":{"@type":"EntryPoint","urlTemplate":"https:\/\/www.hosteriacatalina.cl\/?s={search_term_string}"},"query-input":{"@type":"PropertyValueSpecification","valueRequired":true,"valueName":"search_term_string"}}],"inLanguage":"es"},{"@type":"Organization","@id":"https:\/\/www.hosteriacatalina.cl\/#organization","name":"Hoster\u00eda Catalina","url":"https:\/\/www.hosteriacatalina.cl\/","logo":{"@type":"ImageObject","inLanguage":"es","@id":"https:\/\/www.hosteriacatalina.cl\/#\/schema\/logo\/image\/","url":"https:\/\/www.hosteriacatalina.cl\/wp-content\/uploads\/2020\/09\/cropped-180x60sf.png","contentUrl":"https:\/\/www.hosteriacatalina.cl\/wp-content\/uploads\/2020\/09\/cropped-180x60sf.png","width":180,"height":60,"caption":"Hoster\u00eda Catalina"},"image":{"@id":"https:\/\/www.hosteriacatalina.cl\/#\/schema\/logo\/image\/"}}]}},"_links":{"self":[{"href":"https:\/\/www.hosteriacatalina.cl\/index.php\/wp-json\/wp\/v2\/pages\/449","targetHints":{"allow":["GET"]}}],"collection":[{"href":"https:\/\/www.hosteriacatalina.cl\/index.php\/wp-json\/wp\/v2\/pages"}],"about":[{"href":"https:\/\/www.hosteriacatalina.cl\/index.php\/wp-json\/wp\/v2\/types\/page"}],"author":[{"embeddable":true,"href":"https:\/\/www.hosteriacatalina.cl\/index.php\/wp-json\/wp\/v2\/users\/1"}],"replies":[{"embeddable":true,"href":"https:\/\/www.hosteriacatalina.cl\/index.php\/wp-json\/wp\/v2\/comments?post=449"}],"version-history":[{"count":17,"href":"https:\/\/www.hosteriacatalina.cl\/index.php\/wp-json\/wp\/v2\/pages\/449\/revisions"}],"predecessor-version":[{"id":883,"href":"https:\/\/www.hosteriacatalina.cl\/index.php\/wp-json\/wp\/v2\/pages\/449\/revisions\/883"}],"wp:attachment":[{"href":"https:\/\/www.hosteriacatalina.cl\/index.php\/wp-json\/wp\/v2\/media?parent=449"}],"curies":[{"name":"wp","href":"https:\/\/api.w.org\/{rel}","templated":true}]}}